{"id":4355,"date":"2019-04-30T07:39:15","date_gmt":"2019-04-30T06:39:15","guid":{"rendered":"https:\/\/www.surfcampribadesella.com\/en\/?page_id=4355"},"modified":"2020-01-08T08:49:49","modified_gmt":"2020-01-08T08:49:49","slug":"surfcamp","status":"publish","type":"page","link":"https:\/\/www.surfcampribadesella.com\/en\/surfcamp\/","title":{"rendered":"Surfcamp"},"content":{"rendered":"<div class=\"wpb-content-wrapper\"><p>[vc_row full_width=&#8221;stretch_row&#8221; el_class=&#8221;services&#8221;][vc_column][vc_row_inner][vc_column_inner width=&#8221;1\/2&#8243;][vc_hoverbox image=&#8221;4304&#8243; primary_title=&#8221;Installations&#8221; hover_title=&#8221;Installations&#8221; shape=&#8221;square&#8221; hover_btn_title=&#8221;More information&#8221; hover_add_button=&#8221;true&#8221; hover_btn_link=&#8221;url:%2Fen%2Fsurfcamp%2Finstallations%2F|title:Installations||&#8221;][\/vc_hoverbox][\/vc_column_inner][vc_column_inner width=&#8221;1\/2&#8243;][vc_hoverbox image=&#8221;4357&#8243; primary_title=&#8221;Activities&#8221; hover_title=&#8221;Activities&#8221; shape=&#8221;square&#8221; hover_btn_title=&#8221;More information&#8221; hover_add_button=&#8221;true&#8221; hover_btn_link=&#8221;url:%2Fen%2Fsurfcamp%2Factivities%2F|title:Activities||&#8221;][\/vc_hoverbox][\/vc_column_inner][\/vc_row_inner][vc_row_inner][vc_column_inner width=&#8221;1\/2&#8243;][vc_hoverbox image=&#8221;4386&#8243; primary_title=&#8221;About us&#8221; hover_title=&#8221;About us&#8221; shape=&#8221;square&#8221; hover_btn_title=&#8221;More information&#8221; hover_add_button=&#8221;true&#8221; hover_btn_link=&#8221;url:%2Fen%2Fsurfcamp%2Fabout-us%2F|title:About%20us%20%E2%80%93%20Staff||&#8221;][\/vc_hoverbox][\/vc_column_inner][vc_column_inner width=&#8221;1\/2&#8243;][vc_hoverbox image=&#8221;4218&#8243; primary_title=&#8221;Staff&#8221; hover_title=&#8221;Staff&#8221; shape=&#8221;square&#8221; hover_btn_title=&#8221;More information&#8221; hover_add_button=&#8221;true&#8221; hover_btn_link=&#8221;url:%2Fen%2Fsurfcamp%2Fabout-us%2F%23staff|title:About%20us%20%E2%80%93%20Staff||&#8221;][\/vc_hoverbox][\/vc_column_inner][\/vc_row_inner][\/vc_column][\/vc_row][vc_row full_width=&#8221;stretch_row&#8221; disable_element=&#8221;yes&#8221; el_class=&#8221;cta&#8221;][vc_column][vc_cta h2=&#8221;Para reservar cualquiera de nuestros surfcamp no dudes en ponerte en contacto con nosotros&#8221; add_button=&#8221;right&#8221; btn_title=&#8221;M\u00e1s informaci\u00f3n&#8221; btn_link=&#8221;url:%2Fen%2Fcontact%2F|||&#8221;][\/vc_cta][\/vc_column][\/vc_row]<\/p>\n<\/div>","protected":false},"excerpt":{"rendered":"<p>[vc_row full_width=&#8221;stretch_row&#8221; el_class=&#8221;services&#8221;][vc_column][vc_row_inner][vc_column_inner width=&#8221;1\/2&#8243;][vc_hoverbox image=&#8221;4304&#8243; primary_title=&#8221;Installations&#8221; hover_title=&#8221;Installations&#8221; shape=&#8221;square&#8221; hover_btn_title=&#8221;More information&#8221; hover_add_button=&#8221;true&#8221; hover_btn_link=&#8221;url:%2Fen%2Fsurfcamp%2Finstallations%2F|title:Installations||&#8221;][\/vc_hoverbox][\/vc_column_inner][vc_column_inner width=&#8221;1\/2&#8243;][vc_hoverbox image=&#8221;4357&#8243; primary_title=&#8221;Activities&#8221; hover_title=&#8221;Activities&#8221; shape=&#8221;square&#8221; hover_btn_title=&#8221;More information&#8221; hover_add_button=&#8221;true&#8221; hover_btn_link=&#8221;url:%2Fen%2Fsurfcamp%2Factivities%2F|title:Activities||&#8221;][\/vc_hoverbox][\/vc_column_inner][\/vc_row_inner][vc_row_inner][vc_column_inner width=&#8221;1\/2&#8243;][vc_hoverbox image=&#8221;4386&#8243; primary_title=&#8221;About us&#8221; hover_title=&#8221;About us&#8221; shape=&#8221;square&#8221; hover_btn_title=&#8221;More information&#8221; hover_add_button=&#8221;true&#8221; hover_btn_link=&#8221;url:%2Fen%2Fsurfcamp%2Fabout-us%2F|title:About%20us%20%E2%80%93%20Staff||&#8221;][\/vc_hoverbox][\/vc_column_inner][vc_column_inner width=&#8221;1\/2&#8243;][vc_hoverbox image=&#8221;4218&#8243; primary_title=&#8221;Staff&#8221; hover_title=&#8221;Staff&#8221; shape=&#8221;square&#8221; hover_btn_title=&#8221;More information&#8221; hover_add_button=&#8221;true&#8221; [&hellip;]<\/p>\n","protected":false},"author":4,"featured_media":0,"parent":0,"menu_order":0,"comment_status":"closed","ping_status":"closed","template":"template-fullwith.php","meta":{"footnotes":""},"class_list":["post-4355","page","type-page","status-publish","hentry"],"yoast_head":"<!-- This site is optimized with the Yoast SEO plugin v27.0 - https:\/\/yoast.com\/product\/yoast-seo-wordpress\/ -->\n<title>El Surfcamp - Surf Camp Ribadesella<\/title>\n<meta name=\"description\" content=\"Descubre nuestras instalaciones, el Surf Palace, nuestro Bed and Breakfast, as\u00ed como nuestro staff y las actividades que podr\u00e1s realizar. Solicita informaci\u00f3n sin compromiso.\" \/>\n<meta name=\"robots\" content=\"noindex, follow\" \/>\n<meta property=\"og:locale\" content=\"en_GB\" \/>\n<meta property=\"og:type\" content=\"article\" \/>\n<meta property=\"og:title\" content=\"El Surfcamp - Surf Camp Ribadesella\" \/>\n<meta property=\"og:description\" content=\"Descubre nuestras instalaciones, el Surf Palace, nuestro Bed and Breakfast, as\u00ed como nuestro staff y las actividades que podr\u00e1s realizar. Solicita informaci\u00f3n sin compromiso.\" \/>\n<meta property=\"og:url\" content=\"https:\/\/www.surfcampribadesella.com\/en\/surfcamp\/\" \/>\n<meta property=\"og:site_name\" content=\"(EN) Ribadesella Surfcamp | Surf School in Spain\" \/>\n<meta property=\"article:modified_time\" content=\"2020-01-08T08:49:49+00:00\" \/>\n<meta name=\"twitter:label1\" content=\"Estimated reading time\" \/>\n\t<meta name=\"twitter:data1\" content=\"1 minute\" \/>\n<script type=\"application\/ld+json\" class=\"yoast-schema-graph\">{\"@context\":\"https:\/\/schema.org\",\"@graph\":[{\"@type\":\"WebPage\",\"@id\":\"https:\/\/www.surfcampribadesella.com\/en\/surfcamp\/\",\"url\":\"https:\/\/www.surfcampribadesella.com\/en\/surfcamp\/\",\"name\":\"El Surfcamp - Surf Camp Ribadesella\",\"isPartOf\":{\"@id\":\"https:\/\/www.surfcampribadesella.com\/en\/#website\"},\"datePublished\":\"2019-04-30T06:39:15+00:00\",\"dateModified\":\"2020-01-08T08:49:49+00:00\",\"description\":\"Descubre nuestras instalaciones, el Surf Palace, nuestro Bed and Breakfast, as\u00ed como nuestro staff y las actividades que podr\u00e1s realizar. Solicita informaci\u00f3n sin compromiso.\",\"inLanguage\":\"en-GB\",\"potentialAction\":[{\"@type\":\"ReadAction\",\"target\":[\"https:\/\/www.surfcampribadesella.com\/en\/surfcamp\/\"]}]},{\"@type\":\"WebSite\",\"@id\":\"https:\/\/www.surfcampribadesella.com\/en\/#website\",\"url\":\"https:\/\/www.surfcampribadesella.com\/en\/\",\"name\":\"(EN) Ribadesella Surfcamp | Surf School in Spain\",\"description\":\"Ribadesella Surfcamp - Surf School in Spain\",\"potentialAction\":[{\"@type\":\"SearchAction\",\"target\":{\"@type\":\"EntryPoint\",\"urlTemplate\":\"https:\/\/www.surfcampribadesella.com\/en\/?s={search_term_string}\"},\"query-input\":{\"@type\":\"PropertyValueSpecification\",\"valueRequired\":true,\"valueName\":\"search_term_string\"}}],\"inLanguage\":\"en-GB\"}]}<\/script>\n<!-- \/ Yoast SEO plugin. -->","yoast_head_json":{"title":"El Surfcamp - Surf Camp Ribadesella","description":"Descubre nuestras instalaciones, el Surf Palace, nuestro Bed and Breakfast, as\u00ed como nuestro staff y las actividades que podr\u00e1s realizar. Solicita informaci\u00f3n sin compromiso.","robots":{"index":"noindex","follow":"follow"},"og_locale":"en_GB","og_type":"article","og_title":"El Surfcamp - Surf Camp Ribadesella","og_description":"Descubre nuestras instalaciones, el Surf Palace, nuestro Bed and Breakfast, as\u00ed como nuestro staff y las actividades que podr\u00e1s realizar. Solicita informaci\u00f3n sin compromiso.","og_url":"https:\/\/www.surfcampribadesella.com\/en\/surfcamp\/","og_site_name":"(EN) Ribadesella Surfcamp | Surf School in Spain","article_modified_time":"2020-01-08T08:49:49+00:00","twitter_misc":{"Estimated reading time":"1 minute"},"schema":{"@context":"https:\/\/schema.org","@graph":[{"@type":"WebPage","@id":"https:\/\/www.surfcampribadesella.com\/en\/surfcamp\/","url":"https:\/\/www.surfcampribadesella.com\/en\/surfcamp\/","name":"El Surfcamp - Surf Camp Ribadesella","isPartOf":{"@id":"https:\/\/www.surfcampribadesella.com\/en\/#website"},"datePublished":"2019-04-30T06:39:15+00:00","dateModified":"2020-01-08T08:49:49+00:00","description":"Descubre nuestras instalaciones, el Surf Palace, nuestro Bed and Breakfast, as\u00ed como nuestro staff y las actividades que podr\u00e1s realizar. Solicita informaci\u00f3n sin compromiso.","inLanguage":"en-GB","potentialAction":[{"@type":"ReadAction","target":["https:\/\/www.surfcampribadesella.com\/en\/surfcamp\/"]}]},{"@type":"WebSite","@id":"https:\/\/www.surfcampribadesella.com\/en\/#website","url":"https:\/\/www.surfcampribadesella.com\/en\/","name":"(EN) Ribadesella Surfcamp | Surf School in Spain","description":"Ribadesella Surfcamp - Surf School in Spain","potentialAction":[{"@type":"SearchAction","target":{"@type":"EntryPoint","urlTemplate":"https:\/\/www.surfcampribadesella.com\/en\/?s={search_term_string}"},"query-input":{"@type":"PropertyValueSpecification","valueRequired":true,"valueName":"search_term_string"}}],"inLanguage":"en-GB"}]}},"_links":{"self":[{"href":"https:\/\/www.surfcampribadesella.com\/en\/wp-json\/wp\/v2\/pages\/4355","targetHints":{"allow":["GET"]}}],"collection":[{"href":"https:\/\/www.surfcampribadesella.com\/en\/wp-json\/wp\/v2\/pages"}],"about":[{"href":"https:\/\/www.surfcampribadesella.com\/en\/wp-json\/wp\/v2\/types\/page"}],"author":[{"embeddable":true,"href":"https:\/\/www.surfcampribadesella.com\/en\/wp-json\/wp\/v2\/users\/4"}],"replies":[{"embeddable":true,"href":"https:\/\/www.surfcampribadesella.com\/en\/wp-json\/wp\/v2\/comments?post=4355"}],"version-history":[{"count":18,"href":"https:\/\/www.surfcampribadesella.com\/en\/wp-json\/wp\/v2\/pages\/4355\/revisions"}],"predecessor-version":[{"id":5031,"href":"https:\/\/www.surfcampribadesella.com\/en\/wp-json\/wp\/v2\/pages\/4355\/revisions\/5031"}],"wp:attachment":[{"href":"https:\/\/www.surfcampribadesella.com\/en\/wp-json\/wp\/v2\/media?parent=4355"}],"curies":[{"name":"wp","href":"https:\/\/api.w.org\/{rel}","templated":true}]}}